{"id":2,"date":"2021-01-28T03:19:20","date_gmt":"2021-01-28T03:19:20","guid":{"rendered":"https:\/\/chonoradio.com\/principal\/?page_id=2"},"modified":"2021-08-19T16:26:31","modified_gmt":"2021-08-19T16:26:31","slug":"radio","status":"publish","type":"page","link":"https:\/\/chonoradio.com\/principal\/radio\/","title":{"rendered":"Radio"},"content":{"rendered":"\n<p>Chono Radio,  una radio en linea que toca de todo un poco, sabemos que la m\u00fasica es el fundamental en la vida, una programaci\u00f3n abierta y donde escucharas temas de todos los g\u00e9neros.<\/p>\n\n\n\n<blockquote class=\"wp-block-quote is-layout-flow wp-block-quote-is-layout-flow\"><p>\u00a1Balada, trova, Rom\u00e1ntica, Reggea, Rock, Banda, y una gran selecci\u00f3n de m\u00fasica que fueron y son \u00e9xitos. <\/p><\/blockquote>\n\n\n\n<blockquote class=\"wp-block-quote is-layout-flow wp-block-quote-is-layout-flow\"><p>Si tu tienes alguna sugerencia de genero o alg\u00fan tema que no este en nuestra selecci\u00f3n, nos encantaria saberlo.<\/p><\/blockquote>\n ","protected":false},"excerpt":{"rendered":"<p>Chono Radio, una radio en linea que toca de todo un poco, sabemos que la m\u00fasica es el fundamental en la vida, una programaci\u00f3n abierta y donde escucharas temas de todos los g\u00e9neros. \u00a1Balada, trova, Rom\u00e1ntica, Reggea, Rock, Banda, y una gran selecci\u00f3n de m\u00fasica que fueron y son \u00e9xitos. Si tu tienes alguna sugerencia &hellip; <\/p>\n<p class=\"link-more\"><a href=\"https:\/\/chonoradio.com\/principal\/radio\/\" class=\"more-link\">Continuar leyendo<span class=\"screen-reader-text\"> &#8220;Radio&#8221;<\/span><\/a><\/p>\n","protected":false},"author":1,"featured_media":0,"parent":0,"menu_order":0,"comment_status":"closed","ping_status":"open","template":"","meta":{"_monsterinsights_skip_tracking":false,"_monsterinsights_sitenote_active":false,"_monsterinsights_sitenote_note":"","_monsterinsights_sitenote_category":0,"footnotes":""},"class_list":["post-2","page","type-page","status-publish","hentry"],"aioseo_notices":[],"_links":{"self":[{"href":"https:\/\/chonoradio.com\/principal\/wp-json\/wp\/v2\/pages\/2","targetHints":{"allow":["GET"]}}],"collection":[{"href":"https:\/\/chonoradio.com\/principal\/wp-json\/wp\/v2\/pages"}],"about":[{"href":"https:\/\/chonoradio.com\/principal\/wp-json\/wp\/v2\/types\/page"}],"author":[{"embeddable":true,"href":"https:\/\/chonoradio.com\/principal\/wp-json\/wp\/v2\/users\/1"}],"replies":[{"embeddable":true,"href":"https:\/\/chonoradio.com\/principal\/wp-json\/wp\/v2\/comments?post=2"}],"version-history":[{"count":7,"href":"https:\/\/chonoradio.com\/principal\/wp-json\/wp\/v2\/pages\/2\/revisions"}],"predecessor-version":[{"id":104,"href":"https:\/\/chonoradio.com\/principal\/wp-json\/wp\/v2\/pages\/2\/revisions\/104"}],"wp:attachment":[{"href":"https:\/\/chonoradio.com\/principal\/wp-json\/wp\/v2\/media?parent=2"}],"curies":[{"name":"wp","href":"https:\/\/api.w.org\/{rel}","templated":true}]}}