{"id":17,"date":"2021-01-28T03:34:32","date_gmt":"2021-01-28T03:34:32","guid":{"rendered":"https:\/\/chonoradio.com\/principal\/?page_id=17"},"modified":"2021-08-19T16:21:41","modified_gmt":"2021-08-19T16:21:41","slug":"inicio","status":"publish","type":"page","link":"https:\/\/chonoradio.com\/principal\/","title":{"rendered":"Inicio"},"content":{"rendered":"\n<p>\u00a1<strong>Bienvenido a &#8220;Chono Radio&#8221;, somos una estaci\u00f3n de radio que toca m\u00fasica de todo, con nosotros las reglas de la programaci\u00f3n no existen.<\/strong><\/p>\n\n\n\n<p><strong>Disfruta de un Rico Cafe, Vino o Cerveza, un buen libro y la m\u00fasica de fondo que te acompa\u00f1ara y tus recuerdos volver\u00e1n acompa\u00f1ado de un suspiro.<\/strong><\/p>\n\n\n\n<p><\/p>\n ","protected":false},"excerpt":{"rendered":"<p>\u00a1Bienvenido a &#8220;Chono Radio&#8221;, somos una estaci\u00f3n de radio que toca m\u00fasica de todo, con nosotros las reglas de la programaci\u00f3n no existen. Disfruta de un Rico Cafe, Vino o Cerveza, un buen libro y la m\u00fasica de fondo que te acompa\u00f1ara y tus recuerdos volver\u00e1n acompa\u00f1ado de un suspiro.<\/p>\n","protected":false},"author":1,"featured_media":0,"parent":0,"menu_order":0,"comment_status":"closed","ping_status":"closed","template":"","meta":{"_monsterinsights_skip_tracking":false,"_monsterinsights_sitenote_active":false,"_monsterinsights_sitenote_note":"","_monsterinsights_sitenote_category":0,"footnotes":""},"class_list":["post-17","page","type-page","status-publish","hentry"],"aioseo_notices":[],"_links":{"self":[{"href":"https:\/\/chonoradio.com\/principal\/wp-json\/wp\/v2\/pages\/17","targetHints":{"allow":["GET"]}}],"collection":[{"href":"https:\/\/chonoradio.com\/principal\/wp-json\/wp\/v2\/pages"}],"about":[{"href":"https:\/\/chonoradio.com\/principal\/wp-json\/wp\/v2\/types\/page"}],"author":[{"embeddable":true,"href":"https:\/\/chonoradio.com\/principal\/wp-json\/wp\/v2\/users\/1"}],"replies":[{"embeddable":true,"href":"https:\/\/chonoradio.com\/principal\/wp-json\/wp\/v2\/comments?post=17"}],"version-history":[{"count":7,"href":"https:\/\/chonoradio.com\/principal\/wp-json\/wp\/v2\/pages\/17\/revisions"}],"predecessor-version":[{"id":101,"href":"https:\/\/chonoradio.com\/principal\/wp-json\/wp\/v2\/pages\/17\/revisions\/101"}],"wp:attachment":[{"href":"https:\/\/chonoradio.com\/principal\/wp-json\/wp\/v2\/media?parent=17"}],"curies":[{"name":"wp","href":"https:\/\/api.w.org\/{rel}","templated":true}]}}